{"id":218,"date":"2021-05-30T20:37:02","date_gmt":"2021-05-30T20:37:02","guid":{"rendered":"http:\/\/gogometod.com\/?post_type=product&#038;p=218"},"modified":"2022-06-26T00:30:25","modified_gmt":"2022-06-25T22:30:25","slug":"success","status":"publish","type":"product","link":"https:\/\/gogometod.com\/fr\/produit\/success\/","title":{"rendered":"GoGo Succ\u00e8s"},"content":{"rendered":"<p>Le forfait GoGo Succ\u00e8s est la solution pour obtenir les r\u00e9sultats que vous souhaitez avoir! Un menu de recettes sain, pour perdre du poids, facile \u00e0 suivre pendant 21 jours! Nous avons inclus les meilleurs exercices anti-cellulite pour obtenir le r\u00e9sultat optimal le plus rapide! Vous n'avez besoin que de quelques minutes par jour pour rester en forme !<\/p>","protected":false},"excerpt":{"rendered":"<p>Le GoGo Succ\u00e8s est un programme minceur avec des recettes sain, \u00e0 suivre pendant 21 jours, avec toutes les solutions pour chasser votre Cellulite. Cela va changer votre vie pour toujours !<\/p>","protected":false},"featured_media":526,"template":"","meta":{"_kad_post_transparent":"default","_kad_post_title":"","_kad_post_layout":"default","_kad_post_sidebar_id":"","_kad_post_content_style":"default","_kad_post_vertical_padding":"default","_kad_post_feature":"","_kad_post_feature_position":"","_kad_post_header":false,"_kad_post_footer":false,"_kad_post_classname":""},"product_brand":[],"product_cat":[22],"product_tag":[],"class_list":{"0":"post-218","1":"product","2":"type-product","3":"status-publish","4":"has-post-thumbnail","6":"product_cat-recipes","8":"first","9":"instock","10":"sale","11":"sold-individually","12":"shipping-taxable","13":"purchasable","14":"product-type-variable","15":"entry","16":"content-bg","17":"loop-entry"},"_links":{"self":[{"href":"https:\/\/gogometod.com\/fr\/wp-json\/wp\/v2\/product\/218","targetHints":{"allow":["GET"]}}],"collection":[{"href":"https:\/\/gogometod.com\/fr\/wp-json\/wp\/v2\/product"}],"about":[{"href":"https:\/\/gogometod.com\/fr\/wp-json\/wp\/v2\/types\/product"}],"wp:featuredmedia":[{"embeddable":true,"href":"https:\/\/gogometod.com\/fr\/wp-json\/wp\/v2\/media\/526"}],"wp:attachment":[{"href":"https:\/\/gogometod.com\/fr\/wp-json\/wp\/v2\/media?parent=218"}],"wp:term":[{"taxonomy":"product_brand","embeddable":true,"href":"https:\/\/gogometod.com\/fr\/wp-json\/wp\/v2\/product_brand?post=218"},{"taxonomy":"product_cat","embeddable":true,"href":"https:\/\/gogometod.com\/fr\/wp-json\/wp\/v2\/product_cat?post=218"},{"taxonomy":"product_tag","embeddable":true,"href":"https:\/\/gogometod.com\/fr\/wp-json\/wp\/v2\/product_tag?post=218"}],"curies":[{"name":"wp","href":"https:\/\/api.w.org\/{rel}","templated":true}]}}