{"id":215,"date":"2021-05-30T20:37:52","date_gmt":"2021-05-30T20:37:52","guid":{"rendered":"http:\/\/gogometod.com\/?post_type=product&#038;p=215"},"modified":"2023-03-30T12:08:52","modified_gmt":"2023-03-30T10:08:52","slug":"start","status":"publish","type":"product","link":"https:\/\/gogometod.com\/sv\/produkt\/start\/","title":{"rendered":"GoGo Start"},"content":{"rendered":"<p>Health is starting on the plate !Finally a way of following an easy, healthy weight loss menu without having any hunger! No calorie counting!\u00a07 days program with recipes for you to get even more beautiful!<\/p>","protected":false},"excerpt":{"rendered":"<p>GoGoStart \u00e4r ett sunt vikt program p\u00e5 7 dagar att f\u00f6lja. Tappa dina kilo med enkla recept. Passar alla! Du f\u00f6rtj\u00e4nar att m\u00e5 bra!<\/p>","protected":false},"featured_media":511,"template":"","meta":{"_kad_post_transparent":"default","_kad_post_title":"","_kad_post_layout":"default","_kad_post_sidebar_id":"","_kad_post_content_style":"default","_kad_post_vertical_padding":"default","_kad_post_feature":"","_kad_post_feature_position":"","_kad_post_header":false,"_kad_post_footer":false,"_kad_post_classname":""},"product_brand":[],"product_cat":[22],"product_tag":[],"class_list":{"0":"post-215","1":"product","2":"type-product","3":"status-publish","4":"has-post-thumbnail","6":"product_cat-recipes","8":"first","9":"instock","10":"sale","11":"sold-individually","12":"shipping-taxable","13":"purchasable","14":"product-type-variable","15":"entry","16":"content-bg","17":"loop-entry"},"_links":{"self":[{"href":"https:\/\/gogometod.com\/sv\/wp-json\/wp\/v2\/product\/215","targetHints":{"allow":["GET"]}}],"collection":[{"href":"https:\/\/gogometod.com\/sv\/wp-json\/wp\/v2\/product"}],"about":[{"href":"https:\/\/gogometod.com\/sv\/wp-json\/wp\/v2\/types\/product"}],"wp:featuredmedia":[{"embeddable":true,"href":"https:\/\/gogometod.com\/sv\/wp-json\/wp\/v2\/media\/511"}],"wp:attachment":[{"href":"https:\/\/gogometod.com\/sv\/wp-json\/wp\/v2\/media?parent=215"}],"wp:term":[{"taxonomy":"product_brand","embeddable":true,"href":"https:\/\/gogometod.com\/sv\/wp-json\/wp\/v2\/product_brand?post=215"},{"taxonomy":"product_cat","embeddable":true,"href":"https:\/\/gogometod.com\/sv\/wp-json\/wp\/v2\/product_cat?post=215"},{"taxonomy":"product_tag","embeddable":true,"href":"https:\/\/gogometod.com\/sv\/wp-json\/wp\/v2\/product_tag?post=215"}],"curies":[{"name":"wp","href":"https:\/\/api.w.org\/{rel}","templated":true}]}}