{"id":217,"date":"2021-05-30T20:38:25","date_gmt":"2021-05-30T20:38:25","guid":{"rendered":"http:\/\/gogometod.com\/?post_type=product&#038;p=217"},"modified":"2022-06-26T00:29:35","modified_gmt":"2022-06-25T22:29:35","slug":"complete","status":"publish","type":"product","link":"https:\/\/gogometod.com\/sv\/produkt\/complete\/","title":{"rendered":"GoGo Komplett"},"content":{"rendered":"<p>Det kompletta paketet f\u00f6r dig med alla GoGo-recept som ing\u00e5r! F\u00f6lj i 3 m\u00e5nader, dag efter dag, det nya s\u00e4ttet att g\u00e5 ner i vikt, helt sund utan hunger! F\u00f6r dig har vi inkluderat alla de b\u00e4sta \u00f6vningarna att g\u00f6ra, bara n\u00e5gra minuter om dagen beh\u00f6vs, f\u00f6r att komma i \u00e4nnu b\u00e4ttre form! Hej d\u00e5 celluliter! V\u00e4lkommen sl\u00e4t hud!<\/p>","protected":false},"excerpt":{"rendered":"<p>3 m\u00e5naders komplett GoGo-program med recept f\u00f6r varje dag. Anti cellulit \u00f6vningar, l\u00e4tta att g\u00f6ra, f\u00f6r att f\u00f6r\u00e4ndra din kropp dag efter dag. Du kommer att vara i toppform!<\/p>","protected":false},"featured_media":558,"template":"","meta":{"_kad_post_transparent":"default","_kad_post_title":"","_kad_post_layout":"default","_kad_post_sidebar_id":"","_kad_post_content_style":"default","_kad_post_vertical_padding":"default","_kad_post_feature":"","_kad_post_feature_position":"","_kad_post_header":false,"_kad_post_footer":false,"_kad_post_classname":""},"product_brand":[],"product_cat":[22],"product_tag":[],"class_list":{"0":"post-217","1":"product","2":"type-product","3":"status-publish","4":"has-post-thumbnail","6":"product_cat-recipes","8":"first","9":"instock","10":"sale","11":"sold-individually","12":"shipping-taxable","13":"purchasable","14":"product-type-variable","15":"entry","16":"content-bg","17":"loop-entry"},"_links":{"self":[{"href":"https:\/\/gogometod.com\/sv\/wp-json\/wp\/v2\/product\/217","targetHints":{"allow":["GET"]}}],"collection":[{"href":"https:\/\/gogometod.com\/sv\/wp-json\/wp\/v2\/product"}],"about":[{"href":"https:\/\/gogometod.com\/sv\/wp-json\/wp\/v2\/types\/product"}],"wp:featuredmedia":[{"embeddable":true,"href":"https:\/\/gogometod.com\/sv\/wp-json\/wp\/v2\/media\/558"}],"wp:attachment":[{"href":"https:\/\/gogometod.com\/sv\/wp-json\/wp\/v2\/media?parent=217"}],"wp:term":[{"taxonomy":"product_brand","embeddable":true,"href":"https:\/\/gogometod.com\/sv\/wp-json\/wp\/v2\/product_brand?post=217"},{"taxonomy":"product_cat","embeddable":true,"href":"https:\/\/gogometod.com\/sv\/wp-json\/wp\/v2\/product_cat?post=217"},{"taxonomy":"product_tag","embeddable":true,"href":"https:\/\/gogometod.com\/sv\/wp-json\/wp\/v2\/product_tag?post=217"}],"curies":[{"name":"wp","href":"https:\/\/api.w.org\/{rel}","templated":true}]}}