{"id":218,"date":"2021-05-30T20:37:02","date_gmt":"2021-05-30T20:37:02","guid":{"rendered":"http:\/\/gogometod.com\/?post_type=product&#038;p=218"},"modified":"2022-06-26T00:30:25","modified_gmt":"2022-06-25T22:30:25","slug":"success","status":"publish","type":"product","link":"https:\/\/gogometod.com\/sv\/produkt\/success\/","title":{"rendered":"GoGo Succ\u00e9"},"content":{"rendered":"<p>GoGo-paketet Success \u00e4r l\u00f6sningen f\u00f6r att uppn\u00e5 de resultat du vill ha! En l\u00e4tt att f\u00f6lja receptmeny f\u00f6r h\u00e4lsosam viktminskning i 21 dagar! Vi har inkluderat de b\u00e4sta anti-cellulit\u00f6vningarna f\u00f6r att f\u00e5 det optimala snabbaste resultatet! Du beh\u00f6ver bara n\u00e5gra minuter om dagen f\u00f6r att h\u00e5lla dig i form!<\/p>","protected":false},"excerpt":{"rendered":"<p>GoGo Success \u00e4r ett h\u00e4lsosamt viktminskningsprogram med recept att f\u00f6lja i 21 dagar, med alla l\u00f6sningar f\u00f6r att jaga bort dina celluliter. Det kommer att f\u00f6r\u00e4ndra ditt liv f\u00f6r alltid!<\/p>","protected":false},"featured_media":526,"template":"","meta":{"_kad_post_transparent":"default","_kad_post_title":"","_kad_post_layout":"default","_kad_post_sidebar_id":"","_kad_post_content_style":"default","_kad_post_vertical_padding":"default","_kad_post_feature":"","_kad_post_feature_position":"","_kad_post_header":false,"_kad_post_footer":false,"_kad_post_classname":""},"product_brand":[],"product_cat":[22],"product_tag":[],"class_list":{"0":"post-218","1":"product","2":"type-product","3":"status-publish","4":"has-post-thumbnail","6":"product_cat-recipes","8":"first","9":"instock","10":"sale","11":"sold-individually","12":"shipping-taxable","13":"purchasable","14":"product-type-variable","15":"entry","16":"content-bg","17":"loop-entry"},"_links":{"self":[{"href":"https:\/\/gogometod.com\/sv\/wp-json\/wp\/v2\/product\/218","targetHints":{"allow":["GET"]}}],"collection":[{"href":"https:\/\/gogometod.com\/sv\/wp-json\/wp\/v2\/product"}],"about":[{"href":"https:\/\/gogometod.com\/sv\/wp-json\/wp\/v2\/types\/product"}],"wp:featuredmedia":[{"embeddable":true,"href":"https:\/\/gogometod.com\/sv\/wp-json\/wp\/v2\/media\/526"}],"wp:attachment":[{"href":"https:\/\/gogometod.com\/sv\/wp-json\/wp\/v2\/media?parent=218"}],"wp:term":[{"taxonomy":"product_brand","embeddable":true,"href":"https:\/\/gogometod.com\/sv\/wp-json\/wp\/v2\/product_brand?post=218"},{"taxonomy":"product_cat","embeddable":true,"href":"https:\/\/gogometod.com\/sv\/wp-json\/wp\/v2\/product_cat?post=218"},{"taxonomy":"product_tag","embeddable":true,"href":"https:\/\/gogometod.com\/sv\/wp-json\/wp\/v2\/product_tag?post=218"}],"curies":[{"name":"wp","href":"https:\/\/api.w.org\/{rel}","templated":true}]}}